{"id":381,"date":"2023-12-26T10:03:01","date_gmt":"2023-12-26T10:03:01","guid":{"rendered":"http:\/\/blogfvinhas.wordpress.com\/?page_id=1"},"modified":"2025-11-07T11:15:22","modified_gmt":"2025-11-07T11:15:22","slug":"about","status":"publish","type":"page","link":"https:\/\/blog.fvinhas.com\/index.php\/about\/","title":{"rendered":"About"},"content":{"rendered":"\r\n<p>Este espa\u00e7o \u00e9 dedicado a todos os que gostam de inform\u00e1tica e se interessam por algumas formas de programar e de resolu\u00e7\u00e3o de problemas.<\/p>\r\n\r\n\r\n\r\n\r\n\r\n\r\n\r\n<p>Deixarei ficar mais informa\u00e7\u00f5es relativas a outros sites que ache que dever\u00e3o ter acesso.<\/p>\r\n\r\n\r\n\r\n<p>Espero que seja util.<\/p>\r\n","protected":false},"excerpt":{"rendered":"<p>Este espa\u00e7o \u00e9 dedicado a todos os que gostam de inform\u00e1tica e se interessam por algumas formas de programar e de resolu\u00e7\u00e3o de problemas. Deixarei ficar mais informa\u00e7\u00f5es relativas a outros sites que ache que dever\u00e3o ter acesso. Espero que seja util.<\/p>\n","protected":false},"author":1,"featured_media":0,"parent":0,"menu_order":0,"comment_status":"closed","ping_status":"open","template":"","meta":{"footnotes":""},"class_list":["post-381","page","type-page","status-publish"],"_links":{"self":[{"href":"https:\/\/blog.fvinhas.com\/index.php\/wp-json\/wp\/v2\/pages\/381","targetHints":{"allow":["GET"]}}],"collection":[{"href":"https:\/\/blog.fvinhas.com\/index.php\/wp-json\/wp\/v2\/pages"}],"about":[{"href":"https:\/\/blog.fvinhas.com\/index.php\/wp-json\/wp\/v2\/types\/page"}],"author":[{"embeddable":true,"href":"https:\/\/blog.fvinhas.com\/index.php\/wp-json\/wp\/v2\/users\/1"}],"replies":[{"embeddable":true,"href":"https:\/\/blog.fvinhas.com\/index.php\/wp-json\/wp\/v2\/comments?post=381"}],"version-history":[{"count":1,"href":"https:\/\/blog.fvinhas.com\/index.php\/wp-json\/wp\/v2\/pages\/381\/revisions"}],"predecessor-version":[{"id":388,"href":"https:\/\/blog.fvinhas.com\/index.php\/wp-json\/wp\/v2\/pages\/381\/revisions\/388"}],"wp:attachment":[{"href":"https:\/\/blog.fvinhas.com\/index.php\/wp-json\/wp\/v2\/media?parent=381"}],"curies":[{"name":"wp","href":"https:\/\/api.w.org\/{rel}","templated":true}]}}